{"id":103,"date":"2015-01-03T18:06:22","date_gmt":"2015-01-03T17:06:22","guid":{"rendered":"http:\/\/miroslav.kotrla.net\/?page_id=103"},"modified":"2015-12-08T22:08:21","modified_gmt":"2015-12-08T22:08:21","slug":"projects","status":"publish","type":"page","link":"https:\/\/kotrla.fzu.cz\/?page_id=103","title":{"rendered":"Projects &#038; people"},"content":{"rendered":"<p>I was the investigator of several projects listed below.<br \/>\nInternational projects:<\/p>\n<ul>\n<li>2006-2009 \u2013 co-holder of the project EU NMP3-CT-2006-016447<\/li>\n<li>1997-2001 \u2013 co-holder of the project Volkswagen-Stiftung  No.  I\/72 872<\/li>\n<\/ul>\n<p>National projects:<\/p>\n<ul>\n<li>2009-2012 \u2013 holder of the project GACR No.  202\/09\/0775<\/li>\n<li>2006-2008 \u2013 co-holder of the project GACR No.  202\/06\/0049<\/li>\n<li>2001-2003 \u2013 co-holder of the project GACR No. 202\/01\/0928<\/li>\n<li>1995-1997 \u2013 holder of the project GA ASCR No.  1010513<\/li>\n<li>1993-1994 \u2013 holder of the project GA ASCR No.  110110<\/li>\n<\/ul>\n<p>I have had pleasure to colaborate with many physicists. I like to mention at least some of them:<br \/>\n<a href=\"https:\/\/people.aalto.fi\/new\/tapio.ala-nissila\">Prof. Tapio Ala-Nissil\u00e4<\/a>, <a href=\"http:\/\/www.mse.berkeley.edu\/ourfaculty\/astam\">Prof. Mark Asta<\/a>, <a href=\"https:\/\/www.kth.se\/profile\/lbergqv\/\">Prof. Lars Bergqvist<\/a>, <a href=\"http:\/\/www.cs.rug.nl\/~biehl\/\">Prof. Michael Biehl<\/a>,<br \/> <a href=\"http:\/\/www.fzu.cz\/~drchal\/\">Dr. V\u00e1clav Drchal<\/a>, <a href=\"http:\/\/www.mff.cuni.cz\/fakulta\/struktura\/lide\/1491.htm\"> Dr. Pavel Koc\u00e1n<\/a>, <a href=\"http:\/\/www.thp.uni-koeln.de\/krug\/\">Prof. Joachim Krug<\/a>, Dr. Josef Kudrnovsk\u00fd, <a href=\"http:\/\/www.ph2.uni-koeln.de\/169.html?&#038;L=1&#038;tx_bzdstaffdirectory_pi1[showUid]=12&#038;tx_bzdstaffdirectory_pi1[backPid]=97\">Prof. Thomas Michely<\/a>, Prof. Andrea C. Levi,  <a href=\"http:\/\/www.fzu.cz\/~maca\/\"> Dr. Franti\u0161ek M\u00e1ca<\/a>,  Prof. Ivan O\u0161\u0165\u00e1dal, <a href=\"http:\/\/www.prf.jcu.cz\/ufy\/struktura\/lide\/predota.html\">Prof. Milan P\u0159edota<\/a>, <a href=\"http:\/\/www.fzu.cz\/~slanina\/\" title=\"Dr. Franti\u0161ek Slanina\">Dr. Franti\u0161ek Slanina<\/a>,  Dr. Pavel \u0160milauer,  Dr. Oleg S. Trushin, et al. <\/p>\n","protected":false},"excerpt":{"rendered":"<p>I was the investigator of several projects listed below. International projects: 2006-2009 \u2013 co-holder of the project EU NMP3-CT-2006-016447 1997-2001 \u2013 co-holder of the project Volkswagen-Stiftung No. I\/72 872 National projects: 2009-2012 \u2013 holder of the project GACR No. 202\/09\/0775 2006-2008 \u2013 co-holder of the project GACR No. 202\/06\/0049 2001-2003 \u2013 co-holder of the project [&hellip;]<\/p>\n","protected":false},"author":3,"featured_media":0,"parent":0,"menu_order":0,"comment_status":"closed","ping_status":"closed","template":"page-templates\/front-page.php","meta":[],"_links":{"self":[{"href":"https:\/\/kotrla.fzu.cz\/index.php?rest_route=\/wp\/v2\/pages\/103"}],"collection":[{"href":"https:\/\/kotrla.fzu.cz\/index.php?rest_route=\/wp\/v2\/pages"}],"about":[{"href":"https:\/\/kotrla.fzu.cz\/index.php?rest_route=\/wp\/v2\/types\/page"}],"author":[{"embeddable":true,"href":"https:\/\/kotrla.fzu.cz\/index.php?rest_route=\/wp\/v2\/users\/3"}],"replies":[{"embeddable":true,"href":"https:\/\/kotrla.fzu.cz\/index.php?rest_route=%2Fwp%2Fv2%2Fcomments&post=103"}],"version-history":[{"count":25,"href":"https:\/\/kotrla.fzu.cz\/index.php?rest_route=\/wp\/v2\/pages\/103\/revisions"}],"predecessor-version":[{"id":341,"href":"https:\/\/kotrla.fzu.cz\/index.php?rest_route=\/wp\/v2\/pages\/103\/revisions\/341"}],"wp:attachment":[{"href":"https:\/\/kotrla.fzu.cz\/index.php?rest_route=%2Fwp%2Fv2%2Fmedia&parent=103"}],"curies":[{"name":"wp","href":"https:\/\/api.w.org\/{rel}","templated":true}]}}