{"id":17,"date":"2014-12-25T12:41:25","date_gmt":"2014-12-25T11:41:25","guid":{"rendered":"http:\/\/mk.kotrla.net\/?page_id=17"},"modified":"2015-02-26T16:45:01","modified_gmt":"2015-02-26T16:45:01","slug":"cv","status":"publish","type":"page","link":"https:\/\/kotrla.fzu.cz\/?page_id=17","title":{"rendered":"Curriculum Vitae"},"content":{"rendered":"<h2>Education<\/h2>\n<ul>\n<li>1988\u00a0Ph.D. from Faculty of Mathematics and Physics, Charles University, Prague<\/li>\n<li>Ph.D. Thesis: &#8220;<em>Application of atomic operators to the study of strongly correlated systems<\/em>&#8220;<\/li>\n<li>1982 M.Sc. from Faculty of Mathematics and Physics, Charles University, Prague<\/li>\n<li>Finished &#8211; summa cum laude, Diploma in Natural Sciences (title RNDr.)<\/li>\n<li>Diploma Thesis: &#8221;<em>Supergravity<\/em>&#8221;<\/li>\n<\/ul>\n<h2>Fields of specialization<\/h2>\n<ul>\n<li>Modelling and theory of epitaxial growth<\/li>\n<li>Nanostructures at surfaces<\/li>\n<li>Surface diffusion, surface phase transitions<\/li>\n<li>Self-organized critical phenomena<\/li>\n<li>Nonequilibrium statistical mechanics<\/li>\n<li>Computer simulations<\/li>\n<\/ul>\n<h2>Main research activities<\/h2>\n<ul>\n<li>Calculation of Curie temprature of thin films<\/li>\n<li>Modeling of surface nanostructures<\/li>\n<li>Kinetic roughening in growth models<\/li>\n<li>Dynamics of growth in systems with impurities<\/li>\n<li>Ordering during growth of two-component materials<\/li>\n<li>Calculations of energy barriers for diffusion on surfaces<\/li>\n<li>Methodology of kinetic Monte Carlo<\/li>\n<\/ul>\n<h2>Employment history<\/h2>\n<ul>\n<li><strong>January, 1993 &#8212; Present<\/strong><br \/>\nResearcher, Dpt. of the Theoretical Physics, Institute of Physics, Academy of Science of Czech Republic, Prague<\/li>\n<li><strong>January, 1992 &#8212; December, 1992<\/strong><br \/>\nPostdoctoral Research Assistant, Condensed Matter Group of INFM, University of Genova<\/li>\n<li><strong>January, 1991 &#8212; December, 1991<\/strong><br \/>\nResearcher, Dpt. of Theoretical Physics, Institute of Physics, CAS, Prague<\/li>\n<li><strong>October, 1990 &#8212; December, 1990<\/strong><br \/>\npost-doctoral stay in Condensed Matter Group of ICTP Trieste, Italy<\/li>\n<li><strong>October, 1989 &#8212; September, 1990<\/strong><br \/>\npost-doctoral stay in Condensed Matter Group of SISSA, Trieste, Italy<\/li>\n<li><strong>January, 1988 &#8212; September, 1989<\/strong><br \/>\nResearch Associate, Department of Theoretical Physics, Institute of Physics, CAS, Prague<\/li>\n<li><strong>January, 1984 &#8212; December, 1987<\/strong><br \/>\nPh.D. study (formerly CSc., supervisor Dr. V. Drchal) &#8211; theory of condensed matter, <br \/> Dpt. of the Theoretical Physics, Institute of Physics, CAS, Prague<\/li>\n<li><strong>August, 1982 &#8212; December, 1983<\/strong><br \/>\nstudy stay &#8211; appointed at the Dpt. of High Energy, Institute of Physics, Czechoslovak Academy of Sciences (CAS), Prague<\/li>\n<\/ul>\n<h2>Personal information<\/h2>\n<ul>\n<li>Born December 28, 1957 in P\u0159\u00edbram, Czechoslovakia<\/li>\n<li>Married to Jind\u0159i\u0161ka Kotrlov\u00e1, two sons Jakub and Jan<\/li>\n<\/ul>\n","protected":false},"excerpt":{"rendered":"<p>Education 1988\u00a0Ph.D. from Faculty of Mathematics and Physics, Charles University, Prague Ph.D. Thesis: &#8220;Application of atomic operators to the study of strongly correlated systems&#8220; 1982 M.Sc. from Faculty of Mathematics and Physics, Charles University, Prague Finished &#8211; summa cum laude, Diploma in Natural Sciences (title RNDr.) Diploma Thesis: &#8221;Supergravity&#8221; Fields of specialization Modelling and theory [&hellip;]<\/p>\n","protected":false},"author":2,"featured_media":0,"parent":0,"menu_order":10,"comment_status":"closed","ping_status":"closed","template":"","meta":[],"_links":{"self":[{"href":"https:\/\/kotrla.fzu.cz\/index.php?rest_route=\/wp\/v2\/pages\/17"}],"collection":[{"href":"https:\/\/kotrla.fzu.cz\/index.php?rest_route=\/wp\/v2\/pages"}],"about":[{"href":"https:\/\/kotrla.fzu.cz\/index.php?rest_route=\/wp\/v2\/types\/page"}],"author":[{"embeddable":true,"href":"https:\/\/kotrla.fzu.cz\/index.php?rest_route=\/wp\/v2\/users\/2"}],"replies":[{"embeddable":true,"href":"https:\/\/kotrla.fzu.cz\/index.php?rest_route=%2Fwp%2Fv2%2Fcomments&post=17"}],"version-history":[{"count":6,"href":"https:\/\/kotrla.fzu.cz\/index.php?rest_route=\/wp\/v2\/pages\/17\/revisions"}],"predecessor-version":[{"id":287,"href":"https:\/\/kotrla.fzu.cz\/index.php?rest_route=\/wp\/v2\/pages\/17\/revisions\/287"}],"wp:attachment":[{"href":"https:\/\/kotrla.fzu.cz\/index.php?rest_route=%2Fwp%2Fv2%2Fmedia&parent=17"}],"curies":[{"name":"wp","href":"https:\/\/api.w.org\/{rel}","templated":true}]}}