{"id":291,"date":"2015-03-04T16:24:41","date_gmt":"2015-03-04T16:24:41","guid":{"rendered":"http:\/\/kotrla.fzu.cz\/?page_id=291"},"modified":"2018-01-07T15:28:56","modified_gmt":"2018-01-07T15:28:56","slug":"fraktalni-dimenze-vytvoreneho-klastru","status":"publish","type":"page","link":"https:\/\/kotrla.fzu.cz\/?page_id=291","title":{"rendered":"Frakt\u00e1ln\u00ed dimenze vytvo\u0159en\u00e9ho klastru"},"content":{"rendered":"<p><strong>Frakt\u00e1ln\u00ed dimenze vytvo\u0159en\u00e9ho klastru<\/strong><\/p>\n<p>Uva\u017eujte hexagon\u00e1ln\u00ed m\u0159\u00ed\u017eku v rovin\u011b. Vrcholy bu\u010f jsou nebo nejsou obsazeny molekulou. Na za\u010d\u00e1tku simulace je jen jedna molekula uprost\u0159ed m\u0159\u00ed\u017eky. Jeden krok simulace popisuje dif\u00fazi molekuly z velk\u00e9 vzd\u00e1lenosti a\u017e do okam\u017eiku, kdy se usad\u00ed na povrchu vnikaj\u00edc\u00edho klastu. P\u0159ipojen\u00ed je nevratn\u00e9. Molekula se objev\u00ed na n\u00e1hodn\u011b vybran\u00e9m vrcholu na obvodu m\u0159\u00ed\u017eky. Potom molekula n\u00e1hodn\u011b difunduje &#8212; p\u0159eskakuje na libovoln\u00fd soused\u00edc\u00ed vrchol do t\u00e9 doby, kdy dos\u00e1hne vrcholu, kter\u00fd soused\u00ed s n\u011bjak\u00fdm ji\u017e obsazen\u00fdm vrcholem. Tento krok se pak opakuje, a\u017e se vytvo\u0159\u00ed dostate\u010dn\u011b velik\u00fd klastr. Ur\u010dete frakt\u00e1ln\u00ed dimenzi vytvo\u0159en\u00e9ho klastru.<br \/>\nN\u00e1vod: Pro velk\u00e9 vzd\u00e1lenosti od rostouc\u00edho kondenz\u00e1tu m\u011b\u0148te velikost dif\u00fazn\u00edho skoku. <\/p>\n<p>Jin\u00e1 varianta: Uva\u017eujte \u010dtvercovou m\u0159\u00ed\u017eku.<\/p>\n","protected":false},"excerpt":{"rendered":"<p>Frakt\u00e1ln\u00ed dimenze vytvo\u0159en\u00e9ho klastru Uva\u017eujte hexagon\u00e1ln\u00ed m\u0159\u00ed\u017eku v rovin\u011b. Vrcholy bu\u010f jsou nebo nejsou obsazeny molekulou. Na za\u010d\u00e1tku simulace je jen jedna molekula uprost\u0159ed m\u0159\u00ed\u017eky. Jeden krok simulace popisuje dif\u00fazi molekuly z velk\u00e9 vzd\u00e1lenosti a\u017e do okam\u017eiku, kdy se usad\u00ed na povrchu vnikaj\u00edc\u00edho klastu. P\u0159ipojen\u00ed je nevratn\u00e9. Molekula se objev\u00ed na n\u00e1hodn\u011b vybran\u00e9m vrcholu na [&hellip;]<\/p>\n","protected":false},"author":1,"featured_media":0,"parent":78,"menu_order":0,"comment_status":"closed","ping_status":"closed","template":"","meta":[],"_links":{"self":[{"href":"https:\/\/kotrla.fzu.cz\/index.php?rest_route=\/wp\/v2\/pages\/291"}],"collection":[{"href":"https:\/\/kotrla.fzu.cz\/index.php?rest_route=\/wp\/v2\/pages"}],"about":[{"href":"https:\/\/kotrla.fzu.cz\/index.php?rest_route=\/wp\/v2\/types\/page"}],"author":[{"embeddable":true,"href":"https:\/\/kotrla.fzu.cz\/index.php?rest_route=\/wp\/v2\/users\/1"}],"replies":[{"embeddable":true,"href":"https:\/\/kotrla.fzu.cz\/index.php?rest_route=%2Fwp%2Fv2%2Fcomments&post=291"}],"version-history":[{"count":1,"href":"https:\/\/kotrla.fzu.cz\/index.php?rest_route=\/wp\/v2\/pages\/291\/revisions"}],"predecessor-version":[{"id":292,"href":"https:\/\/kotrla.fzu.cz\/index.php?rest_route=\/wp\/v2\/pages\/291\/revisions\/292"}],"up":[{"embeddable":true,"href":"https:\/\/kotrla.fzu.cz\/index.php?rest_route=\/wp\/v2\/pages\/78"}],"wp:attachment":[{"href":"https:\/\/kotrla.fzu.cz\/index.php?rest_route=%2Fwp%2Fv2%2Fmedia&parent=291"}],"curies":[{"name":"wp","href":"https:\/\/api.w.org\/{rel}","templated":true}]}}