{"id":303,"date":"2015-03-14T21:13:41","date_gmt":"2015-03-14T21:13:41","guid":{"rendered":"http:\/\/kotrla.fzu.cz\/?page_id=303"},"modified":"2018-01-07T15:29:13","modified_gmt":"2018-01-07T15:29:13","slug":"pozar-pralesa","status":"publish","type":"page","link":"https:\/\/kotrla.fzu.cz\/?page_id=303","title":{"rendered":"po\u017e\u00e1r pralesa"},"content":{"rendered":"<p>Uva\u017eujte &#8220;les&#8221; na \u010dtvercov\u00e9 m\u0159\u00ed\u017ece p\u0159i\u00a0periodick\u00fdch okrajov\u00fdch podm\u00ednk\u00e1ch<br \/>\na simulujte n\u00e1sleduj\u00edc\u00ed celul\u00e1rn\u00ed automat:<\/p>\n<p>Ka\u017ed\u00fd vrchol m\u0159\u00ed\u017eky se m\u016f\u017ee nach\u00e1zet ve t\u0159ech stavech: \u017eiv\u00fd strom, ho\u0159\u00edc\u00ed strom, sp\u00e1leni\u0161t\u011b.<br \/>\nNov\u00e1 konfigurace se generuje z p\u0159edchoz\u00ed podle pravidel:<br \/>\nM\u00e1-li \u017eiv\u00fd strom alespo\u0148 jednoho ho\u0159\u00edc\u00edho souseda (ze 4 soused\u016f), pak vzplane.<br \/>\nHo\u0159\u00edc\u00ed strom sho\u0159\u00ed (v n\u00e1sleduj\u00edc\u00ed konfiguraci se zm\u011bn\u00ed ve sp\u00e1leni\u0161t\u011b)<br \/>\nNa sp\u00e1leni\u0161ti vyroste nov\u00fd strom s pravd\u011bpodobnost\u00ed p<br \/>\nVyjd\u011bte z konfigurace s n\u00e1hodn\u011b rozm\u00edst\u011bn\u00fdmi stromy a sp\u00e1leni\u0161ti<br \/>\nv pom\u011bru 1:1 a s n\u011bkolika n\u00e1hodn\u011b um\u00edst\u011bn\u00fdmi ho\u0159\u00edc\u00edmi stromy.<br \/>\nVhodn\u00e9 p je n\u011bkolik %.<br \/>\nSledujte \u010dasovou z\u00e1vislost hustoty strom\u016f pro r\u016fzn\u00e9<br \/>\nhodnoty pravd\u011bpodobnosti p. Prove\u010fte st\u0159edov\u00e1n\u00ed p\u0159es<br \/>\nn\u011bkolik b\u011bh\u016f, sledujte z\u00e1vislost a na velikosti syst\u00e9mu.<br \/>\nModifikace: misto n\u011bkolika ho\u0159\u00edc\u00edch strom\u016f na za\u010d\u00e1tku<br \/>\nzave\u010fte pravd\u011bpodobnost vzniku po\u017e\u00e1ru q.<\/p>\n","protected":false},"excerpt":{"rendered":"<p>Uva\u017eujte &#8220;les&#8221; na \u010dtvercov\u00e9 m\u0159\u00ed\u017ece p\u0159i\u00a0periodick\u00fdch okrajov\u00fdch podm\u00ednk\u00e1ch a simulujte n\u00e1sleduj\u00edc\u00ed celul\u00e1rn\u00ed automat: Ka\u017ed\u00fd vrchol m\u0159\u00ed\u017eky se m\u016f\u017ee nach\u00e1zet ve t\u0159ech stavech: \u017eiv\u00fd strom, ho\u0159\u00edc\u00ed strom, sp\u00e1leni\u0161t\u011b. Nov\u00e1 konfigurace se generuje z p\u0159edchoz\u00ed podle pravidel: M\u00e1-li \u017eiv\u00fd strom alespo\u0148 jednoho ho\u0159\u00edc\u00edho souseda (ze 4 soused\u016f), pak vzplane. Ho\u0159\u00edc\u00ed strom sho\u0159\u00ed (v n\u00e1sleduj\u00edc\u00ed konfiguraci se zm\u011bn\u00ed [&hellip;]<\/p>\n","protected":false},"author":1,"featured_media":0,"parent":78,"menu_order":0,"comment_status":"closed","ping_status":"closed","template":"","meta":[],"_links":{"self":[{"href":"https:\/\/kotrla.fzu.cz\/index.php?rest_route=\/wp\/v2\/pages\/303"}],"collection":[{"href":"https:\/\/kotrla.fzu.cz\/index.php?rest_route=\/wp\/v2\/pages"}],"about":[{"href":"https:\/\/kotrla.fzu.cz\/index.php?rest_route=\/wp\/v2\/types\/page"}],"author":[{"embeddable":true,"href":"https:\/\/kotrla.fzu.cz\/index.php?rest_route=\/wp\/v2\/users\/1"}],"replies":[{"embeddable":true,"href":"https:\/\/kotrla.fzu.cz\/index.php?rest_route=%2Fwp%2Fv2%2Fcomments&post=303"}],"version-history":[{"count":1,"href":"https:\/\/kotrla.fzu.cz\/index.php?rest_route=\/wp\/v2\/pages\/303\/revisions"}],"predecessor-version":[{"id":304,"href":"https:\/\/kotrla.fzu.cz\/index.php?rest_route=\/wp\/v2\/pages\/303\/revisions\/304"}],"up":[{"embeddable":true,"href":"https:\/\/kotrla.fzu.cz\/index.php?rest_route=\/wp\/v2\/pages\/78"}],"wp:attachment":[{"href":"https:\/\/kotrla.fzu.cz\/index.php?rest_route=%2Fwp%2Fv2%2Fmedia&parent=303"}],"curies":[{"name":"wp","href":"https:\/\/api.w.org\/{rel}","templated":true}]}}