{"id":313,"date":"2015-03-30T13:47:43","date_gmt":"2015-03-30T13:47:43","guid":{"rendered":"http:\/\/kotrla.fzu.cz\/?page_id=313"},"modified":"2015-03-30T13:49:42","modified_gmt":"2015-03-30T13:49:42","slug":"ukladani-souboru","status":"publish","type":"page","link":"https:\/\/kotrla.fzu.cz\/?page_id=313","title":{"rendered":"Ukl\u00e1d\u00e1n\u00ed soubor\u016f"},"content":{"rendered":"<p><strong>Ukl\u00e1d\u00e1n\u00ed soubor\u016f<\/strong><br \/>\nN soubor\u016f o r\u016fzn\u00fdch d\u00e9lk\u00e1ch se m\u00e1 ulo\u017eit na co nejmen\u0161\u00ed po\u010det disket co nejv\u00fdhodn\u011bj\u0161\u00edm zp\u016fsobem.<br \/>\n1. Navrhn\u011bte vhodnou hodnot\u00edc\u00ed funkci (\u201einterak\u010dn\u00ed energii\u201c).<br \/>\n2. Navrhn\u011bte MC metodu; jeden zku\u0161ebn\u00ed krok m\u016f\u017ee b\u00fdt p\u0159esun souboru z diskety na disketu.<br \/>\n3. Simulujte za sni\u017euj\u00edc\u00ed se &#8220;teploty&#8221;.<\/p>\n","protected":false},"excerpt":{"rendered":"<p>Ukl\u00e1d\u00e1n\u00ed soubor\u016f N soubor\u016f o r\u016fzn\u00fdch d\u00e9lk\u00e1ch se m\u00e1 ulo\u017eit na co nejmen\u0161\u00ed po\u010det disket co nejv\u00fdhodn\u011bj\u0161\u00edm zp\u016fsobem. 1. Navrhn\u011bte vhodnou hodnot\u00edc\u00ed funkci (\u201einterak\u010dn\u00ed energii\u201c). 2. Navrhn\u011bte MC metodu; jeden zku\u0161ebn\u00ed krok m\u016f\u017ee b\u00fdt p\u0159esun souboru z diskety na disketu. 3. Simulujte za sni\u017euj\u00edc\u00ed se &#8220;teploty&#8221;.<\/p>\n","protected":false},"author":1,"featured_media":0,"parent":78,"menu_order":0,"comment_status":"closed","ping_status":"closed","template":"","meta":[],"_links":{"self":[{"href":"https:\/\/kotrla.fzu.cz\/index.php?rest_route=\/wp\/v2\/pages\/313"}],"collection":[{"href":"https:\/\/kotrla.fzu.cz\/index.php?rest_route=\/wp\/v2\/pages"}],"about":[{"href":"https:\/\/kotrla.fzu.cz\/index.php?rest_route=\/wp\/v2\/types\/page"}],"author":[{"embeddable":true,"href":"https:\/\/kotrla.fzu.cz\/index.php?rest_route=\/wp\/v2\/users\/1"}],"replies":[{"embeddable":true,"href":"https:\/\/kotrla.fzu.cz\/index.php?rest_route=%2Fwp%2Fv2%2Fcomments&post=313"}],"version-history":[{"count":2,"href":"https:\/\/kotrla.fzu.cz\/index.php?rest_route=\/wp\/v2\/pages\/313\/revisions"}],"predecessor-version":[{"id":315,"href":"https:\/\/kotrla.fzu.cz\/index.php?rest_route=\/wp\/v2\/pages\/313\/revisions\/315"}],"up":[{"embeddable":true,"href":"https:\/\/kotrla.fzu.cz\/index.php?rest_route=\/wp\/v2\/pages\/78"}],"wp:attachment":[{"href":"https:\/\/kotrla.fzu.cz\/index.php?rest_route=%2Fwp%2Fv2%2Fmedia&parent=313"}],"curies":[{"name":"wp","href":"https:\/\/api.w.org\/{rel}","templated":true}]}}