{"id":317,"date":"2015-03-30T13:56:06","date_gmt":"2015-03-30T13:56:06","guid":{"rendered":"http:\/\/kotrla.fzu.cz\/?page_id=317"},"modified":"2015-03-30T14:44:05","modified_gmt":"2015-03-30T14:44:05","slug":"modelovani-rustu-v-11-d","status":"publish","type":"page","link":"https:\/\/kotrla.fzu.cz\/?page_id=317","title":{"rendered":"Modelov\u00e1n\u00ed r\u016fstu v 1+1 D"},"content":{"rendered":"<p><strong>Modelov\u00e1n\u00ed sedimentace<\/strong><br \/>\nSimulujte r\u016fst sedimentu na rozhran\u00ed v 1+1 D pomoc\u00ed m\u0159\u00ed\u017ekov\u00e9ho modelu s relaxac\u00ed do nejbli\u017e\u0161\u00edch soused\u016f. M\u011b\u0159te v\u00fdvoj hrubosti rozhran\u00ed v z\u00e1visloti na \u010dase.<\/p>\n","protected":false},"excerpt":{"rendered":"<p>Modelov\u00e1n\u00ed sedimentace Simulujte r\u016fst sedimentu na rozhran\u00ed v 1+1 D pomoc\u00ed m\u0159\u00ed\u017ekov\u00e9ho modelu s relaxac\u00ed do nejbli\u017e\u0161\u00edch soused\u016f. M\u011b\u0159te v\u00fdvoj hrubosti rozhran\u00ed v z\u00e1visloti na \u010dase.<\/p>\n","protected":false},"author":1,"featured_media":0,"parent":78,"menu_order":0,"comment_status":"closed","ping_status":"closed","template":"","meta":[],"_links":{"self":[{"href":"https:\/\/kotrla.fzu.cz\/index.php?rest_route=\/wp\/v2\/pages\/317"}],"collection":[{"href":"https:\/\/kotrla.fzu.cz\/index.php?rest_route=\/wp\/v2\/pages"}],"about":[{"href":"https:\/\/kotrla.fzu.cz\/index.php?rest_route=\/wp\/v2\/types\/page"}],"author":[{"embeddable":true,"href":"https:\/\/kotrla.fzu.cz\/index.php?rest_route=\/wp\/v2\/users\/1"}],"replies":[{"embeddable":true,"href":"https:\/\/kotrla.fzu.cz\/index.php?rest_route=%2Fwp%2Fv2%2Fcomments&post=317"}],"version-history":[{"count":1,"href":"https:\/\/kotrla.fzu.cz\/index.php?rest_route=\/wp\/v2\/pages\/317\/revisions"}],"predecessor-version":[{"id":318,"href":"https:\/\/kotrla.fzu.cz\/index.php?rest_route=\/wp\/v2\/pages\/317\/revisions\/318"}],"up":[{"embeddable":true,"href":"https:\/\/kotrla.fzu.cz\/index.php?rest_route=\/wp\/v2\/pages\/78"}],"wp:attachment":[{"href":"https:\/\/kotrla.fzu.cz\/index.php?rest_route=%2Fwp%2Fv2%2Fmedia&parent=317"}],"curies":[{"name":"wp","href":"https:\/\/api.w.org\/{rel}","templated":true}]}}