{"id":32,"date":"2014-12-25T14:09:58","date_gmt":"2014-12-25T13:09:58","guid":{"rendered":"http:\/\/mk.kotrla.net\/?page_id=32"},"modified":"2021-05-16T17:56:29","modified_gmt":"2021-05-16T17:56:29","slug":"lectures-cz","status":"publish","type":"page","link":"https:\/\/kotrla.fzu.cz\/?page_id=32","title":{"rendered":"Teaching"},"content":{"rendered":"<p><em>This page is in Czech only as it is intended for students of <a href=\"http:\/\/www.mff.cuni.cz\/to.en\">MFF<\/a> UK and <a href=\"http:\/\/www-en.fjfi.cvut.cz\/DesktopDefault.aspx?ModuleId=1507\">FJFI<\/a>, \u010cVUT.<\/em><\/p>\n<p>P\u0159edn\u00e1\u0161ky se konaj\u00ed v posluch\u00e1rn\u011b\u00a0<a href=\"http:\/\/utf.mff.cuni.cz\/\">\u00dastavu teoretick\u00e9 fyziky &#8211; MFF, <\/a> UK v\u00a0Praze &#8211; Troji, V\u00a0Hole\u0161ovi\u010dk\u00e1ch 2, <a href=\"http:\/\/utf.mff.cuni.cz\/info\/mapa.html\"> (mapa)<\/a> a <a href=\"https:\/\/goo.gl\/maps\/Fusws\"> (n\u00e1hled)<\/a> v des\u00e1t\u00e9m pat\u0159e, nebo v jin\u00e9 m\u00edstnosti uveden\u00e9 u dan\u00e9 p\u0159edn\u00e1\u0161ky, viz t\u00e9\u017e rozvrh. Term\u00edn zkou\u0161ky nebo konzultace si domluvte e-mailem <a title=\"kotrla@fzu.cz\" href=\"mailto:kotrla@fzu.cz\">kotrla@fzu.cz<\/a> <a href=\"http:\/\/utf.mff.cuni.cz\/vyuka\/rozvrhy\/rozvrh4ls.html\"> (rozvrh TF)<\/a> .<br \/>\nAktu\u00e1ln\u00ed t\u00e9ma\u00a0 pro diplomovou pr\u00e1ci je <a href=\"http:\/\/kotrla.fzu.cz\/wp-content\/uploads\/2014\/12\/StochTransport.pdf\">Stochastick\u00fd transport v nano-kan\u00e1lc\u00edch<\/a>, jin\u00e9 t\u00e9ma podle domluvy.<\/p>\n<h2><a href=\"http:\/\/kotrla.fzu.cz\/?page_id=76\">\u00a0Simulace ve fyzice mnoha \u010d\u00e1stic<\/a><\/h2>\n<p>P\u0159edn\u00e1\u0161ka <a href=\"http:\/\/is.cuni.cz\/studium\/predmety\/index.php?do=predmet&amp;kod=NTMF021\">NTMF021 v SIS<\/a> je vyu\u010dov\u00e1na v zimn\u00edm semestru\u00a0\u00a0v rozsahu 3+1\/Z+Zk.<\/p>\n<p>V ZS 2020\/21 se v\u00fduka kon\u00e1\u00a0 distan\u010dn\u011b.\u00a0 V\u00fduka za\u010dala v pond\u011bl\u00ed 5. 10. v rozvrhovan\u00e9m \u010dase 16:30-19:30 (+p\u0159est\u00e1vka) prost\u0159ednictv\u00edm Skypu podle instrukc\u00ed zaslan\u00fdch student\u016fm emailem.<\/p>\n<p>OD 12.10. 2020 bude distan\u010dn\u00ed vyuka v pond\u011bl\u00ed\u00a0 v POSUNUT\u00c9M \u010dase <b>16:00-19:10<\/b>.<\/p>\n<p>V\u00edce informac\u00ed a \u00falohy na <a href=\"http:\/\/kotrla.fzu.cz\/?page_id=76\"> samostatn\u00e9 str\u00e1nce.<\/a><\/p>\n<h2><a href=\"http:\/\/kotrla.fzu.cz\/?page_id=78\">Pokro\u010dil\u00e9 simulace ve fyzice mnoha \u010d\u00e1stic<\/a><\/h2>\n<p>P\u0159edn\u00e1\u0161ka <a href=\"https:\/\/is.cuni.cz\/studium\/predmety\/index.php?do=predmet&amp;kod=NTMF024\">NTMF024 v SIS\u00a0<\/a> b\u00fdvala vyu\u010dov\u00e1na v letn\u00edm semestru, ale n\u011bkolik let se nekonala kv\u016fli roz\u0161\u00ed\u0159en\u00e9 v\u00fduce p\u0159edn\u00e1\u0161ky NTMF021. V LS 2021 se p\u0159edn\u00e1\u0161ka <a href=\"https:\/\/is.cuni.cz\/studium\/predmety\/index.php?do=predmet&amp;kod=NTMF024\">NTMF024<\/a> op\u011bt konala. V\u00edce informac\u00ed a \u00falohy na <a href=\"http:\/\/kotrla.fzu.cz\/?page_id=78\"> samostatn\u00e9 str\u00e1nce.<\/a><\/p>\n<h3><span style=\"color: #000000;\">D\u0159\u00edv\u011bj\u0161\u00ed p\u0159edn\u00e1\u0161ka:<\/span><\/h3>\n<h2><a href=\"http:\/\/kotrla.fzu.cz\/?page_id=57\">Modern\u00ed aplikace statistick\u00e9 fyziky <\/a><\/h2>\n<p>P\u0159edn\u00e1\u0161ka\u00a0<a href=\"https:\/\/is.cuni.cz\/studium\/predmety\/index.php?id=044c409fe204044b1d78843884ed2aad&amp;tid=&amp;do=predmet&amp;kod=NTMF049\">NTMF049 v SIS<\/a> byla vyu\u010dov\u00e1na v letn\u00edm semestru, ve \u010dtvrtek od 16:30\u00a0 v posluch\u00e1rn\u011b <a href=\"http:\/\/utf.mff.cuni.cz\/\">\u00dastavu teoretick\u00e9 fyziky \u2013 MFF, <\/a> UK v\u00a0Praze \u2013 Troji. V\u00edce informac\u00ed na <a href=\"http:\/\/kotrla.fzu.cz\/?page_id=57\"> samostatn\u00e9 str\u00e1nce. <\/a><\/p>\n","protected":false},"excerpt":{"rendered":"<p>This page is in Czech only as it is intended for students of MFF UK and FJFI, \u010cVUT. P\u0159edn\u00e1\u0161ky se konaj\u00ed v posluch\u00e1rn\u011b\u00a0\u00dastavu teoretick\u00e9 fyziky &#8211; MFF, UK v\u00a0Praze &#8211; Troji, V\u00a0Hole\u0161ovi\u010dk\u00e1ch 2, (mapa) a (n\u00e1hled) v des\u00e1t\u00e9m pat\u0159e, nebo v jin\u00e9 m\u00edstnosti uveden\u00e9 u dan\u00e9 p\u0159edn\u00e1\u0161ky, viz t\u00e9\u017e rozvrh. Term\u00edn zkou\u0161ky nebo konzultace si [&hellip;]<\/p>\n","protected":false},"author":2,"featured_media":0,"parent":0,"menu_order":0,"comment_status":"closed","ping_status":"closed","template":"","meta":[],"_links":{"self":[{"href":"https:\/\/kotrla.fzu.cz\/index.php?rest_route=\/wp\/v2\/pages\/32"}],"collection":[{"href":"https:\/\/kotrla.fzu.cz\/index.php?rest_route=\/wp\/v2\/pages"}],"about":[{"href":"https:\/\/kotrla.fzu.cz\/index.php?rest_route=\/wp\/v2\/types\/page"}],"author":[{"embeddable":true,"href":"https:\/\/kotrla.fzu.cz\/index.php?rest_route=\/wp\/v2\/users\/2"}],"replies":[{"embeddable":true,"href":"https:\/\/kotrla.fzu.cz\/index.php?rest_route=%2Fwp%2Fv2%2Fcomments&post=32"}],"version-history":[{"count":103,"href":"https:\/\/kotrla.fzu.cz\/index.php?rest_route=\/wp\/v2\/pages\/32\/revisions"}],"predecessor-version":[{"id":853,"href":"https:\/\/kotrla.fzu.cz\/index.php?rest_route=\/wp\/v2\/pages\/32\/revisions\/853"}],"wp:attachment":[{"href":"https:\/\/kotrla.fzu.cz\/index.php?rest_route=%2Fwp%2Fv2%2Fmedia&parent=32"}],"curies":[{"name":"wp","href":"https:\/\/api.w.org\/{rel}","templated":true}]}}